{"id":478,"date":"2019-05-14T01:09:15","date_gmt":"2019-05-14T04:09:15","guid":{"rendered":"http:\/\/spaceboxsp.com.br\/novo\/?page_id=478"},"modified":"2021-07-29T13:16:03","modified_gmt":"2021-07-29T16:16:03","slug":"contato","status":"publish","type":"page","link":"https:\/\/spaceboxsp.com.br\/perdizes\/contato\/","title":{"rendered":"Contato"},"content":{"rendered":"\t<section class=\"section\" id=\"section_1350875179\">\r\n\t\t<div class=\"bg section-bg fill bg-fill  bg-loaded\" >\r\n\r\n\t\t\t\r\n\t\t\t\r\n\t\t\t\r\n\r\n\t\t<\/div><!-- .section-bg -->\r\n\r\n\t\t<div class=\"section-content relative\">\r\n\t\t\t\n<p><iframe loading=\"lazy\" src=\"https:\/\/www.google.com\/maps\/embed?pb=!1m14!1m8!1m3!1d7315.601155042634!2d-46.675838!3d-23.539674!3m2!1i1024!2i768!4f13.1!3m3!1m2!1s0x94ce57f3f3c9de85%3A0xa36349c338bb95fe!2sR.%20Vanderlei%2C%20929%20-%20Perdizes%2C%20S%C3%A3o%20Paulo%20-%20SP%2C%2005011-001!5e0!3m2!1spt-BR!2sbr!4v1600987607158!5m2!1spt-BR!2sbr\" width=\"2600\" height=\"450\" frameborder=\"0\" style=\"border:0;\" allowfullscreen=\"\" aria-hidden=\"false\" tabindex=\"0\"><\/iframe><\/p>\n\t\t<\/div><!-- .section-content -->\r\n\r\n\t\t\n<style scope=\"scope\">\n\n#section_1350875179 {\n  padding-top: 0px;\n  padding-bottom: 0px;\n}\n<\/style>\n\t<\/section>\r\n\t\n\t<section class=\"section hide-for-medium\" id=\"section_1624778413\">\r\n\t\t<div class=\"bg section-bg fill bg-fill  bg-loaded\" >\r\n\r\n\t\t\t\r\n\t\t\t\r\n\t\t\t\r\n\r\n\t\t<\/div><!-- .section-bg -->\r\n\r\n\t\t<div class=\"section-content relative\">\r\n\t\t\t\n<div class=\"row\"  id=\"row-1477352620\">\n<div class=\"col small-12 large-12\"  ><div class=\"col-inner\" style=\"padding:33px 0px 0px 0px;margin:0px 0px -23px 0px;\" >\n<div class=\"container section-title-container\" ><h3 class=\"section-title section-title-center\"><b><\/b><span class=\"section-title-main\" style=\"color:rgb(137, 132, 187);\"><i class=\"icon-phone\" ><\/i>ENTRE EM CONTATO<\/span><b><\/b><\/h3><\/div><!-- .section-title -->\n<h3 style=\"text-align: center;\"><strong>N\u00f3s ligamos para voc\u00ea! Preencha o formul\u00e1rio abaixo, ou use os dados ao lado.<\/strong><\/h3>\n<\/div><\/div>\n<\/div>\n<div class=\"row\"  id=\"row-892091239\">\n<div class=\"col medium-6 small-12 large-6\"  ><div class=\"col-inner text-left\" style=\"margin:-16px 0px -53px 0px;\" >\n<div class=\"gap-element\" style=\"display:block; height:auto; padding-top:26px\" class=\"clearfix\"><\/div>\n<div role=\"form\" class=\"wpcf7\" id=\"wpcf7-f5-o1\" lang=\"pt-BR\" dir=\"ltr\">\n<div class=\"screen-reader-response\"><p role=\"status\" aria-live=\"polite\" aria-atomic=\"true\"><\/p> <ul><\/ul><\/div>\n<form action=\"\/perdizes\/wp-json\/wp\/v2\/pages\/478#wpcf7-f5-o1\" method=\"post\" class=\"wpcf7-form init\" novalidate=\"novalidate\" data-status=\"init\">\n<div style=\"display: none;\">\n<input type=\"hidden\" name=\"_wpcf7\" value=\"5\" \/>\n<input type=\"hidden\" name=\"_wpcf7_version\" value=\"5.3.1\" \/>\n<input type=\"hidden\" name=\"_wpcf7_locale\" value=\"pt_BR\" \/>\n<input type=\"hidden\" name=\"_wpcf7_unit_tag\" value=\"wpcf7-f5-o1\" \/>\n<input type=\"hidden\" name=\"_wpcf7_container_post\" value=\"0\" \/>\n<input type=\"hidden\" name=\"_wpcf7_posted_data_hash\" value=\"\" \/>\n<\/div>\n<p><label> Seu nome (obrigat\u00f3rio)<br \/>\n    <span class=\"wpcf7-form-control-wrap your-name\"><input type=\"text\" name=\"your-name\" value=\"\" size=\"40\" class=\"wpcf7-form-control wpcf7-text wpcf7-validates-as-required\" aria-required=\"true\" aria-invalid=\"false\" \/><\/span> <\/label><\/p>\n<p><label> Seu e-mail (obrigat\u00f3rio)<br \/>\n    <span class=\"wpcf7-form-control-wrap your-email\"><input type=\"email\" name=\"your-email\" value=\"\" size=\"40\" class=\"wpcf7-form-control wpcf7-text wpcf7-email wpcf7-validates-as-required wpcf7-validates-as-email\" aria-required=\"true\" aria-invalid=\"false\" \/><\/span> <\/label><\/p>\n<p><label> Assunto<br \/>\n    <span class=\"wpcf7-form-control-wrap your-subject\"><input type=\"text\" name=\"your-subject\" value=\"\" size=\"40\" class=\"wpcf7-form-control wpcf7-text\" aria-invalid=\"false\" \/><\/span> <\/label><\/p>\n<p><label> Sua mensagem<br \/>\n    <span class=\"wpcf7-form-control-wrap your-message\"><textarea name=\"your-message\" cols=\"40\" rows=\"10\" class=\"wpcf7-form-control wpcf7-textarea\" aria-invalid=\"false\"><\/textarea><\/span> <\/label><\/p>\n<p><input type=\"submit\" value=\"Enviar\" class=\"wpcf7-form-control wpcf7-submit\" \/><\/p>\n<div class=\"wpcf7-response-output\" aria-hidden=\"true\"><\/div><\/form><\/div>\n<\/div><\/div>\n<div class=\"col medium-6 small-12 large-6\"  ><div class=\"col-inner text-left\" style=\"padding:21px 0px 0px 0px;margin:-14px 0px -53px 0px;\" >\n<div class=\"gap-element\" style=\"display:block; height:auto; padding-top:26px\" class=\"clearfix\"><\/div>\n<a href=\"tel:01134577804\" target=\"_self\" class=\"button primary\"  >\r\n  <i class=\"icon-phone\" ><\/i>  <span>LIGUE (11) 3457-7804<\/span>\r\n  <\/a>\r\n\n<p>R. Vanderlei, 929 &#8211; Perdizes<\/p>\n<p><span class=\"desktop-title-subcontent\">S\u00e3o Paulo &#8211; SP, 05011-001<\/span><\/p>\n<p style=\"text-align: left;\"><i class=\"fa fa-phone\" aria-hidden=\"true\"><\/i>\u00a0+55 11\u00a0<b>3457-7804<\/b><\/p>\n<p style=\"text-align: left;\"><i class=\"fa fa-envelope-o\" aria-hidden=\"true\"><\/i>\u00a0<a href=\"mailto:contato@spaceboxsp.com.br\">contato@spaceboxsp.com.br<\/a><\/p>\n<\/div><\/div>\n<\/div>\n<div class=\"gap-element\" style=\"display:block; height:auto; padding-top:30px\" class=\"clearfix\"><\/div>\n\t\t<\/div><!-- .section-content -->\r\n\r\n\t\t\n<style scope=\"scope\">\n\n#section_1624778413 {\n  padding-top: 0px;\n  padding-bottom: 0px;\n}\n<\/style>\n\t<\/section>\r\n\t\n\t<section class=\"section show-for-small\" id=\"section_720224679\">\r\n\t\t<div class=\"bg section-bg fill bg-fill  bg-loaded\" >\r\n\r\n\t\t\t\r\n\t\t\t\r\n\t\t\t\r\n\r\n\t\t<\/div><!-- .section-bg -->\r\n\r\n\t\t<div class=\"section-content relative\">\r\n\t\t\t\n<div class=\"row\"  id=\"row-370596779\">\n<div class=\"col small-12 large-12\"  ><div class=\"col-inner\" style=\"padding:33px 0px 0px 0px;margin:0px 0px -23px 0px;\" >\n<div class=\"container section-title-container\" ><h3 class=\"section-title section-title-center\"><b><\/b><span class=\"section-title-main\" style=\"color:rgb(137, 132, 187);\"><i class=\"icon-phone\" ><\/i>ENTRE EM CONTATO<\/span><b><\/b><\/h3><\/div><!-- .section-title -->\n<h3 style=\"text-align: center;\"><strong>N\u00f3s ligamos para voc\u00ea! Preencha o formul\u00e1rio abaixo, ou use os dados ao lado.<\/strong><\/h3>\n<\/div><\/div>\n<\/div>\n<div class=\"row\"  id=\"row-1219284448\">\n<div class=\"col medium-6 small-12 large-6\"  ><div class=\"col-inner text-left\" style=\"margin:-16px 0px -53px 0px;\" >\n<div class=\"gap-element\" style=\"display:block; height:auto; padding-top:26px\" class=\"clearfix\"><\/div>\n<div role=\"form\" class=\"wpcf7\" id=\"wpcf7-f5-o2\" lang=\"pt-BR\" dir=\"ltr\">\n<div class=\"screen-reader-response\"><p role=\"status\" aria-live=\"polite\" aria-atomic=\"true\"><\/p> <ul><\/ul><\/div>\n<form action=\"\/perdizes\/wp-json\/wp\/v2\/pages\/478#wpcf7-f5-o2\" method=\"post\" class=\"wpcf7-form init\" novalidate=\"novalidate\" data-status=\"init\">\n<div style=\"display: none;\">\n<input type=\"hidden\" name=\"_wpcf7\" value=\"5\" \/>\n<input type=\"hidden\" name=\"_wpcf7_version\" value=\"5.3.1\" \/>\n<input type=\"hidden\" name=\"_wpcf7_locale\" value=\"pt_BR\" \/>\n<input type=\"hidden\" name=\"_wpcf7_unit_tag\" value=\"wpcf7-f5-o2\" \/>\n<input type=\"hidden\" name=\"_wpcf7_container_post\" value=\"0\" \/>\n<input type=\"hidden\" name=\"_wpcf7_posted_data_hash\" value=\"\" \/>\n<\/div>\n<p><label> Seu nome (obrigat\u00f3rio)<br \/>\n    <span class=\"wpcf7-form-control-wrap your-name\"><input type=\"text\" name=\"your-name\" value=\"\" size=\"40\" class=\"wpcf7-form-control wpcf7-text wpcf7-validates-as-required\" aria-required=\"true\" aria-invalid=\"false\" \/><\/span> <\/label><\/p>\n<p><label> Seu e-mail (obrigat\u00f3rio)<br \/>\n    <span class=\"wpcf7-form-control-wrap your-email\"><input type=\"email\" name=\"your-email\" value=\"\" size=\"40\" class=\"wpcf7-form-control wpcf7-text wpcf7-email wpcf7-validates-as-required wpcf7-validates-as-email\" aria-required=\"true\" aria-invalid=\"false\" \/><\/span> <\/label><\/p>\n<p><label> Assunto<br \/>\n    <span class=\"wpcf7-form-control-wrap your-subject\"><input type=\"text\" name=\"your-subject\" value=\"\" size=\"40\" class=\"wpcf7-form-control wpcf7-text\" aria-invalid=\"false\" \/><\/span> <\/label><\/p>\n<p><label> Sua mensagem<br \/>\n    <span class=\"wpcf7-form-control-wrap your-message\"><textarea name=\"your-message\" cols=\"40\" rows=\"10\" class=\"wpcf7-form-control wpcf7-textarea\" aria-invalid=\"false\"><\/textarea><\/span> <\/label><\/p>\n<p><input type=\"submit\" value=\"Enviar\" class=\"wpcf7-form-control wpcf7-submit\" \/><\/p>\n<div class=\"wpcf7-response-output\" aria-hidden=\"true\"><\/div><\/form><\/div>\n<\/div><\/div>\n<div class=\"col medium-6 small-12 large-6\"  ><div class=\"col-inner text-center\" style=\"padding:21px 0px 0px 0px;margin:-33px 0px -53px 0px;\" >\n<div class=\"gap-element\" style=\"display:block; height:auto; padding-top:26px\" class=\"clearfix\"><\/div>\n<p style=\"text-align: center;\">R. Vanderlei, 929 &#8211; Perdizes<\/p>\n<p style=\"text-align: center;\"><span class=\"desktop-title-subcontent\">S\u00e3o Paulo &#8211; SP, 05011-001<\/span><\/p>\n<p style=\"text-align: center;\"><i class=\"fa fa-phone\" aria-hidden=\"true\"><\/i>\u00a0+55 11 <b>3457-7804<\/b><\/p>\n<p style=\"text-align: center;\"><i class=\"fa fa-envelope-o\" aria-hidden=\"true\"><\/i>\u00a0<a href=\"mailto:contato@spaceboxsp.com.br\">contato@spaceboxsp.com.br<\/a><\/p>\n<\/div><\/div>\n<\/div>\n<div class=\"gap-element\" style=\"display:block; height:auto; padding-top:30px\" class=\"clearfix\"><\/div>\n\t\t<\/div><!-- .section-content -->\r\n\r\n\t\t\n<style scope=\"scope\">\n\n#section_720224679 {\n  padding-top: 0px;\n  padding-bottom: 0px;\n}\n<\/style>\n\t<\/section>\r\n\t\n","protected":false},"excerpt":{"rendered":"","protected":false},"author":1,"featured_media":0,"parent":0,"menu_order":0,"comment_status":"closed","ping_status":"closed","template":"page-blank.php","meta":{"footnotes":""},"_links":{"self":[{"href":"https:\/\/spaceboxsp.com.br\/perdizes\/wp-json\/wp\/v2\/pages\/478"}],"collection":[{"href":"https:\/\/spaceboxsp.com.br\/perdizes\/wp-json\/wp\/v2\/pages"}],"about":[{"href":"https:\/\/spaceboxsp.com.br\/perdizes\/wp-json\/wp\/v2\/types\/page"}],"author":[{"embeddable":true,"href":"https:\/\/spaceboxsp.com.br\/perdizes\/wp-json\/wp\/v2\/users\/1"}],"replies":[{"embeddable":true,"href":"https:\/\/spaceboxsp.com.br\/perdizes\/wp-json\/wp\/v2\/comments?post=478"}],"version-history":[{"count":12,"href":"https:\/\/spaceboxsp.com.br\/perdizes\/wp-json\/wp\/v2\/pages\/478\/revisions"}],"predecessor-version":[{"id":1398,"href":"https:\/\/spaceboxsp.com.br\/perdizes\/wp-json\/wp\/v2\/pages\/478\/revisions\/1398"}],"wp:attachment":[{"href":"https:\/\/spaceboxsp.com.br\/perdizes\/wp-json\/wp\/v2\/media?parent=478"}],"curies":[{"name":"wp","href":"https:\/\/api.w.org\/{rel}","templated":true}]}}